{"id":16251994,"date":"2022-10-05T16:59:20","date_gmt":"2022-10-05T16:59:20","guid":{"rendered":"https:\/\/new.oglisspark.fr\/about-the-park\/recruiting\/"},"modified":"2023-02-18T14:44:25","modified_gmt":"2023-02-18T14:44:25","slug":"recruiting","status":"publish","type":"page","link":"https:\/\/oglisspark.fr\/en\/recruiting\/","title":{"rendered":"Recruiting"},"content":{"rendered":"<p>[et_pb_section fb_built=&#8221;1&#8243; module_class=&#8221;animationvague&#8221; _builder_version=&#8221;4.19.3&#8243; _module_preset=&#8221;default&#8221; background_enable_color=&#8221;off&#8221; background_image=&#8221;https:\/\/oglisspark.fr\/wp-content\/uploads\/2023\/01\/banniere_OCayo-2.webp&#8221; background_position=&#8221;bottom_left&#8221; background_horizontal_offset=&#8221;7%&#8221; background_vertical_offset=&#8221;0%&#8221; background_enable_video_mp4=&#8221;off&#8221; background_enable_video_webm=&#8221;off&#8221; background_video_width=&#8221;100%&#8221; background_video_height=&#8221;100%&#8221; z_index=&#8221;-10&#8243; min_height=&#8221;50vh&#8221; min_height_tablet=&#8221;20vh&#8221; min_height_phone=&#8221;20vh&#8221; min_height_last_edited=&#8221;on|tablet&#8221; bottom_divider_style=&#8221;wave2&#8243; bottom_divider_color=&#8221;#FFFFFF&#8221; bottom_divider_flip=&#8221;vertical&#8221; bottom_divider_arrangement=&#8221;above_content&#8221; bottom_divider_height_tablet=&#8221;71px&#8221; bottom_divider_height_phone=&#8221;36px&#8221; bottom_divider_height_last_edited=&#8221;on|desktop&#8221; global_colors_info=&#8221;{}&#8221;][et_pb_row _builder_version=&#8221;4.18.0&#8243; _module_preset=&#8221;default&#8221; z_index=&#8221;-50&#8243; custom_margin=&#8221;-84px||||false|false&#8221; global_colors_info=&#8221;{}&#8221;][et_pb_column type=&#8221;4_4&#8243; _builder_version=&#8221;4.18.0&#8243; _module_preset=&#8221;default&#8221; global_colors_info=&#8221;{}&#8221;][\/et_pb_column][\/et_pb_row][\/et_pb_section][et_pb_section fb_built=&#8221;1&#8243; _builder_version=&#8221;4.18.1&#8243; _module_preset=&#8221;default&#8221; width=&#8221;100%&#8221; max_width=&#8221;100%&#8221; max_width_last_edited=&#8221;off|desktop&#8221; custom_margin=&#8221;|1329px||||&#8221; custom_padding=&#8221;0px||0px||true|&#8221; global_colors_info=&#8221;{}&#8221;][et_pb_row _builder_version=&#8221;4.19.0&#8243; _module_preset=&#8221;default&#8221; transform_scale=&#8221;90%|90%&#8221; transform_translate=&#8221;-59px|29px&#8221; vertical_offset=&#8221;-445px&#8221; horizontal_offset=&#8221;15px&#8221; z_index=&#8221;495&#8243; width=&#8221;100%&#8221; max_width=&#8221;100%&#8221; min_height=&#8221;15px&#8221; custom_margin=&#8221;11px|auto|-91px|auto||&#8221; custom_padding=&#8221;||0px|||&#8221; z_index_tablet=&#8221;1&#8243; z_index_phone=&#8221;0&#8243; z_index_last_edited=&#8221;on|tablet&#8221; global_colors_info=&#8221;{}&#8221;][et_pb_column type=&#8221;4_4&#8243; _builder_version=&#8221;4.19.0&#8243; _module_preset=&#8221;default&#8221; global_colors_info=&#8221;{}&#8221;][dipi_floating_multi_images fmi_height=&#8221;181px&#8221; fmi_height_tablet=&#8221;181px&#8221; fmi_height_phone=&#8221;181px&#8221; fmi_height_last_edited=&#8221;on|phone&#8221; _builder_version=&#8221;4.19.3&#8243; _module_preset=&#8221;default&#8221; background_color=&#8221;RGBA(255,255,255,0)&#8221; z_index=&#8221;-500&#8243; custom_margin=&#8221;-304px||0px||false|false&#8221; global_colors_info=&#8221;{}&#8221;][dipi_floating_multi_images_child img_src=&#8221;https:\/\/oglisspark.fr\/wp-content\/uploads\/2023\/01\/4.webp&#8221; horizontal_position=&#8221;-1%&#8221; fmi_effect=&#8221;leftright&#8221; fmi_delay=&#8221;-15500ms&#8221; fmi_speed=&#8221;2450ms&#8221; horizontal_position_tablet=&#8221;-1%&#8221; horizontal_position_phone=&#8221;-1%&#8221; horizontal_position_last_edited=&#8221;on|desktop&#8221; _builder_version=&#8221;4.19.3&#8243; _module_preset=&#8221;default&#8221; transform_translate=&#8221;-65px|0px&#8221; width_tablet=&#8221;&#8221; width_phone=&#8221;64%&#8221; width_last_edited=&#8221;on|phone&#8221; custom_margin=&#8221;0px||||false|false&#8221; custom_padding=&#8221;0px||||false|false&#8221; global_colors_info=&#8221;{}&#8221;][\/dipi_floating_multi_images_child][\/dipi_floating_multi_images][\/et_pb_column][\/et_pb_row][\/et_pb_section][et_pb_section fb_built=&#8221;1&#8243; _builder_version=&#8221;4.18.0&#8243; _module_preset=&#8221;default&#8221; min_height=&#8221;1043.2px&#8221; custom_margin=&#8221;55px|||||&#8221; custom_padding=&#8221;0px|||||&#8221; global_colors_info=&#8221;{}&#8221;][et_pb_row _builder_version=&#8221;4.18.1&#8243; _module_preset=&#8221;default&#8221; width=&#8221;90%&#8221; max_width=&#8221;100%&#8221; min_height=&#8221;146.8px&#8221; custom_padding=&#8221;0px||0px||true|&#8221; global_colors_info=&#8221;{}&#8221;][et_pb_column type=&#8221;4_4&#8243; _builder_version=&#8221;4.18.0&#8243; _module_preset=&#8221;default&#8221; global_colors_info=&#8221;{}&#8221;][et_pb_text _builder_version=&#8221;4.19.3&#8243; _module_preset=&#8221;default&#8221; custom_margin=&#8221;0px||0px||false|false&#8221; global_colors_info=&#8221;{}&#8221;]<\/p>\n<h2 style=\"text-align: center;\">O&#8217;Gliss Park<\/h2>\n<p>[\/et_pb_text][dipi_fancy_text speed=&#8221;10000&#8243; _builder_version=&#8221;4.19.3&#8243; _module_preset=&#8221;default&#8221; all_text_align=&#8221;center&#8221; hover_enabled=&#8221;0&#8243; global_colors_info=&#8221;{}&#8221; sticky_enabled=&#8221;0&#8243;][dipi_fancy_text_child text=&#8221;Join us&#8221; _builder_version=&#8221;4.19.3&#8243; _module_preset=&#8221;default&#8221; font_font=&#8221;Wendy One||||||||&#8221; font_text_color=&#8221;#FFFFFF&#8221; font_font_size=&#8221;35px&#8221; font_line_height=&#8221;1.2em&#8221; background_color=&#8221;#1498d6&#8243; background_enable_color=&#8221;on&#8221; custom_margin=&#8221;||||false|false&#8221; custom_padding=&#8221;|20px||20px|false|false&#8221; hover_enabled=&#8221;0&#8243; custom_css_main_element=&#8221;border-radius:20px&#8221; global_colors_info=&#8221;{}&#8221; sticky_enabled=&#8221;0&#8243;][\/dipi_fancy_text_child][\/dipi_fancy_text][et_pb_text _builder_version=&#8221;4.19.3&#8243; _module_preset=&#8221;default&#8221; text_font=&#8221;||||||||&#8221; text_text_color=&#8221;#1498d6&#8243; text_letter_spacing=&#8221;2px&#8221; custom_margin=&#8221;-11px||30px||false|false&#8221; custom_padding=&#8221;|10%||10%|false|false&#8221; global_colors_info=&#8221;{}&#8221;]<\/p>\n<p style=\"text-align: center;\">O&#8217;Gliss Park is offering positions for the 2023 season. Do not hesitate to apply<\/p>\n<p>[\/et_pb_text][\/et_pb_column][\/et_pb_row][et_pb_row column_structure=&#8221;1_2,1_2&#8243; _builder_version=&#8221;4.19.0&#8243; _module_preset=&#8221;default&#8221; global_colors_info=&#8221;{}&#8221;][et_pb_column type=&#8221;1_2&#8243; _builder_version=&#8221;4.19.0&#8243; _module_preset=&#8221;default&#8221; global_colors_info=&#8221;{}&#8221;][et_pb_text _builder_version=&#8221;4.19.3&#8243; _module_preset=&#8221;default&#8221; global_colors_info=&#8221;{}&#8221;]<\/p>\n<div class=\"bloc-double col-sm-6\">\n<div class=\"bloc-simple clearfix\">\n<div class=\"code_html\">\n<ul>\n<li><strong>QUALIFIED LIFEGUARD &#8211; <\/strong>BNSSA \/ BESAAN \/ BPJEPS AAN<\/li>\n<li><b>OPERATOR TOBOGGANS \/ AQUATIC ACTIVITIES<\/b><\/li>\n<li><b><\/b><b>SECURITY AND RESCUE AGENT<\/b><\/li>\n<li><b>MAINTENANCE AGENT<\/b><\/li>\n<li><b>TECHNICAL OFFICER<\/b><b><\/b><\/li>\n<\/ul>\n<\/div>\n<\/div>\n<\/div>\n<p>[\/et_pb_text][\/et_pb_column][et_pb_column type=&#8221;1_2&#8243; _builder_version=&#8221;4.19.0&#8243; _module_preset=&#8221;default&#8221; global_colors_info=&#8221;{}&#8221;][et_pb_text _builder_version=&#8221;4.19.3&#8243; _module_preset=&#8221;default&#8221; global_colors_info=&#8221;{}&#8221;]<\/p>\n<div class=\"bloc-double col-sm-6\">\n<div class=\"bloc-simple clearfix\">\n<div class=\"code_html\">\n<ul>\n<li><strong>FACILITATOR<\/strong><\/li>\n<li><strong>VERSATILE HOST &#8211; <\/strong>Good level of English<\/li>\n<li><strong>COOK,<\/strong><\/li>\n<li><strong>CREPIER(E) &#8211; <\/strong>Experience required<\/li>\n<li><b>CATERING STAFF<\/b><\/li>\n<\/ul>\n<\/div>\n<\/div>\n<\/div>\n<p>[\/et_pb_text][\/et_pb_column][\/et_pb_row][et_pb_row _builder_version=&#8221;4.18.0&#8243; _module_preset=&#8221;default&#8221; global_colors_info=&#8221;{}&#8221;][et_pb_column type=&#8221;4_4&#8243; _builder_version=&#8221;4.18.0&#8243; _module_preset=&#8221;default&#8221; global_colors_info=&#8221;{}&#8221;][et_pb_text _builder_version=&#8221;4.19.3&#8243; _module_preset=&#8221;default&#8221; text_font=&#8221;|||on|||||&#8221; text_text_color=&#8221;#1498d6&#8243; text_letter_spacing=&#8221;2px&#8221; custom_margin=&#8221;-27px||0px||false|false&#8221; global_colors_info=&#8221;{}&#8221;]<\/p>\n<div class=\"forminator-ui forminator-custom-form forminator-custom-form-16248170 forminator-design--flat forminator-enclosed forminator_ajax\" data-forminator-render=\"0\" data-form=\"forminator-module-16248170\" data-uid=\"69df68a915d91\"><br\/><\/div><form\n\t\t\t\tid=\"forminator-module-16248170\"\n\t\t\t\tclass=\"forminator-ui forminator-custom-form forminator-custom-form-16248170 forminator-design--flat forminator-enclosed forminator_ajax\"\n\t\t\t\tmethod=\"post\"\n\t\t\t\tdata-forminator-render=\"0\"\n\t\t\t\tdata-form-id=\"16248170\"\n\t\t\t\tenctype=\"multipart\/form-data\" data-color-option=\"default\" data-design=\"flat\" data-grid=\"enclosed\" style=\"display: none;\"\n\t\t\t\tdata-uid=\"69df68a915d91\"\n\t\t\t><div role=\"alert\" aria-live=\"polite\" class=\"forminator-response-message forminator-error\" aria-hidden=\"true\"><\/div><div class=\"forminator-row\"><div id=\"html-1\" class=\"forminator-field-html forminator-col forminator-col-12 \"><div class=\"forminator-field forminator-merge-tags\" data-field=\"html-1\"><p><strong>Informations personnelles<\/strong><\/p><\/div><\/div><\/div><div class=\"forminator-row\"><div id=\"name-1\" class=\"forminator-field-name forminator-col forminator-col-6 \"><div class=\"forminator-field\"><label for=\"forminator-field-name-1_69df68a915d91\" id=\"forminator-field-name-1_69df68a915d91-label\" class=\"forminator-label\">Nom <span class=\"forminator-required\">*<\/span><\/label><input type=\"text\" name=\"name-1\" value=\"\" placeholder=\"Nom\" id=\"forminator-field-name-1_69df68a915d91\" class=\"forminator-input forminator-name--field\" aria-required=\"true\" autocomplete=\"name\" \/><\/div><\/div><div id=\"text-1\" class=\"forminator-field-text forminator-col forminator-col-6 \"><div class=\"forminator-field\"><label for=\"forminator-field-text-1_69df68a915d91\" id=\"forminator-field-text-1_69df68a915d91-label\" class=\"forminator-label\">Pr\u00e9nom<\/label><input type=\"text\" name=\"text-1\" value=\"\" placeholder=\"Pr\u00e9nom\" id=\"forminator-field-text-1_69df68a915d91\" class=\"forminator-input forminator-name--field\" data-required=\"\" \/><\/div><\/div><\/div><div class=\"forminator-row\"><div id=\"text-3\" class=\"forminator-field-text forminator-col forminator-col-4 \"><div class=\"forminator-field\"><label for=\"forminator-field-text-3_69df68a915d91\" id=\"forminator-field-text-3_69df68a915d91-label\" class=\"forminator-label\">Age <span class=\"forminator-required\">*<\/span><\/label><input type=\"text\" name=\"text-3\" value=\"\" placeholder=\"Age\" id=\"forminator-field-text-3_69df68a915d91\" class=\"forminator-input forminator-name--field\" data-required=\"1\" \/><\/div><\/div><div id=\"phone-1\" class=\"forminator-field-phone forminator-col forminator-col-4 \"><div class=\"forminator-field\"><input type=\"text\" name=\"phone-1\" value=\"\" placeholder=\"Num\u00e9ro de t\u00e9l\u00e9phone\" id=\"forminator-field-phone-1_69df68a915d91\" class=\"forminator-input forminator-field--phone\" data-required=\"1\" aria-required=\"true\" autocomplete=\"off\" \/><\/div><\/div><div id=\"email-1\" class=\"forminator-field-email forminator-col forminator-col-4 \"><div class=\"forminator-field\"><label for=\"forminator-field-email-1_69df68a915d91\" id=\"forminator-field-email-1_69df68a915d91-label\" class=\"forminator-label\">Adresse email <span class=\"forminator-required\">*<\/span><\/label><input type=\"email\" name=\"email-1\" value=\"\" placeholder=\"Adresse email\" id=\"forminator-field-email-1_69df68a915d91\" class=\"forminator-input forminator-email--field\" data-required=\"true\" aria-required=\"true\" autocomplete=\"email\" \/><\/div><\/div><\/div><div class=\"forminator-row\"><div id=\"html-2\" class=\"forminator-field-html forminator-col forminator-col-12 \"><div class=\"forminator-field forminator-merge-tags\" data-field=\"html-2\"><p><strong>Le poste<\/strong><\/p><\/div><\/div><\/div><div class=\"forminator-row\"><div id=\"select-1\" class=\"forminator-field-select forminator-col forminator-col-12 \"><div class=\"forminator-field\"><label for=\"forminator-form-16248170__field--select-1_69df68a915d91\" id=\"forminator-form-16248170__field--select-1_69df68a915d91-label\" class=\"forminator-label\">Poste souhait\u00e9<\/label><select  id=\"forminator-form-16248170__field--select-1_69df68a915d91\" class=\"forminator-select--field forminator-select2 forminator-select2-multiple\" data-required=\"\" name=\"select-1\" data-default-value=\"\" data-placeholder=\"Poste souhait\u00e9\" data-search=\"false\" data-search-placeholder=\"Poste souhait\u00e9\" data-checkbox=\"false\" data-allow-clear=\"false\" aria-labelledby=\"forminator-form-16248170__field--select-1_69df68a915d91-label\"><option value=\"\"  >Poste souhait\u00e9<\/option><option value=\"SURVEILLANT(E)-DE-BAIGNADE-DIPLOME(E)\"  data-calculation=\"0\">SURVEILLANT(E) DE BAIGNADE<\/option><option value=\"OPERATEUR(TRICE)-TOBOGGANS---ACTIVITES-AQUATIQUES\"  data-calculation=\"0\">OPERATEUR(TRICE) AQUATIQUE<\/option><option value=\"AGENT-DE-SECURITE-ET-SECOURS\"  data-calculation=\"0\">COORDINATEUR SECOURS<\/option><option value=\"ANIMATEUR(TRICE)\"  data-calculation=\"0\">ANIMATEUR(TRICE)<\/option><option value=\"H\u00d4TE(ESSE)-D\u2019ACCUEIL-POLYVALENT(E)\"  data-calculation=\"0\">H\u00d4TE(ESSE) D\u2019ACCUEIL<\/option><option value=\"PERSONNEL-DE-RESTAURATION\"  data-calculation=\"0\">PERSONNEL DE RESTAURATION<\/option><option value=\"AGENT(E)-D\u2019ENTRETIEN\"  data-calculation=\"0\">AGENT D\u2019ENTRETIEN<\/option><\/select><\/div><\/div><\/div><div class=\"forminator-row\"><div id=\"date-1\" class=\"forminator-field-date forminator-col forminator-col-6 \"><div class=\"forminator-field\"><label for=\"forminator-field-date-1-picker_69df68a915d91\" id=\"forminator-field-date-1-picker_69df68a915d91-label\" class=\"forminator-label\">D\u00e9but disponibilit\u00e9 <span class=\"forminator-required\">*<\/span><\/label><div class=\"forminator-input-with-icon\"><span class=\"forminator-icon-calendar\" aria-hidden=\"true\"><\/span><input autocomplete=\"off\" type=\"text\" size=\"1\" name=\"date-1\" value=\"\" placeholder=\"D\u00e9but disponibilit\u00e9\" id=\"forminator-field-date-1-picker_69df68a915d91\" class=\"forminator-input forminator-datepicker\" data-required=\"1\" data-format=\"dd\/mm\/yy\" data-restrict-type=\"\" data-restrict=\"\" data-start-year=\"1926\" data-end-year=\"2126\" data-past-dates=\"enable\" data-start-of-week=\"1\" data-start-date=\"\" data-end-date=\"\" data-start-field=\"\" data-end-field=\"\" data-start-offset=\"\" data-end-offset=\"\" data-disable-date=\"\" data-disable-range=\"\" \/><\/div><\/div><\/div><div id=\"date-2\" class=\"forminator-field-date forminator-col forminator-col-6 \"><div class=\"forminator-field\"><label for=\"forminator-field-date-2-picker_69df68a915d91\" id=\"forminator-field-date-2-picker_69df68a915d91-label\" class=\"forminator-label\">Fin disponibilit\u00e9 <span class=\"forminator-required\">*<\/span><\/label><div class=\"forminator-input-with-icon\"><span class=\"forminator-icon-calendar\" aria-hidden=\"true\"><\/span><input autocomplete=\"off\" type=\"text\" size=\"1\" name=\"date-2\" value=\"\" placeholder=\"Fin disponibilit\u00e9\" id=\"forminator-field-date-2-picker_69df68a915d91\" class=\"forminator-input forminator-datepicker\" data-required=\"1\" data-format=\"dd\/mm\/yy\" data-restrict-type=\"\" data-restrict=\"\" data-start-year=\"1926\" data-end-year=\"2126\" data-past-dates=\"enable\" data-start-of-week=\"1\" data-start-date=\"\" data-end-date=\"\" data-start-field=\"\" data-end-field=\"\" data-start-offset=\"\" data-end-offset=\"\" data-disable-date=\"\" data-disable-range=\"\" \/><\/div><\/div><\/div><\/div><div class=\"forminator-row\"><div id=\"upload-1\" class=\"forminator-field-upload forminator-col forminator-col-12 \"><div class=\"forminator-field\"><label for=\"forminator-field-upload-1_69df68a915d91\" id=\"forminator-field-upload-1_69df68a915d91-label\" class=\"forminator-label\">CV <span class=\"forminator-required\">*<\/span><\/label><div class=\"forminator-file-upload \" data-element=\"upload-1_69df68a915d91\" aria-describedby=\"forminator-field-upload-1_69df68a915d91-description\"><input type=\"file\" name=\"upload-1\" id=\"forminator-field-upload-1_69df68a915d91\" class=\"forminator-input-file-required do-validate\" accept=\".jpg,.jpeg,.jpe,.gif,.png,.bmp,.tiff,.tif,.webp,.ico,.heic,.asf,.asx,.wmv,.wmx,.wm,.avi,.divx,.flv,.mov,.qt,.mpeg,.mpg,.mpe,.mp4,.m4v,.ogv,.webm,.mkv,.3gp,.3gpp,.3g2,.3gp2,.txt,.asc,.c,.cc,.h,.srt,.csv,.tsv,.ics,.rtx,.vtt,.mp3,.m4a,.m4b,.aac,.ra,.ram,.wav,.ogg,.oga,.flac,.mid,.midi,.wma,.wax,.mka,.rtf,.pdf,.class,.tar,.zip,.gz,.gzip,.7z,.psd,.xcf,.doc,.pot,.pps,.ppt,.wri,.xla,.xls,.xlt,.xlw,.mdb,.mpp,.docx,.docm,.dotx,.dotm,.xlsx,.xlsm,.xlsb,.xltx,.xltm,.xlam,.pptx,.pptm,.ppsx,.ppsm,.potx,.potm,.ppam,.sldx,.sldm,.onetoc,.onetoc2,.onetmp,.onepkg,.oxps,.xps,.odt,.odp,.ods,.odg,.odc,.odb,.odf,.wp,.wpd,.key,.numbers,.pages,.json\" tabindex=\"-1\"><button id=\"forminator-field-upload-1_69df68a915d91_button\" class=\"forminator-button forminator-button-upload\" data-id=\"forminator-field-upload-1_69df68a915d91\">Choose File<\/button><span data-empty-text=\"No file chosen\">No file chosen<\/span><button class=\"forminator-button-delete\" style=\"display: none;\"><i class=\"forminator-icon-close\" aria-hidden=\"true\"><\/i><span class=\"forminator-screen-reader-only\">Delete uploaded file<\/span><\/button><\/div><span id=\"forminator-field-upload-1_69df68a915d91-description\" class=\"forminator-description\">Votre CV<\/span><\/div><\/div><\/div><div class=\"forminator-row\"><div id=\"upload-2\" class=\"forminator-field-upload forminator-col forminator-col-12 \"><div class=\"forminator-field\"><label for=\"forminator-field-upload-2_69df68a915d91\" id=\"forminator-field-upload-2_69df68a915d91-label\" class=\"forminator-label\">Lettre de motivation <span class=\"forminator-required\">*<\/span><\/label><div class=\"forminator-file-upload \" data-element=\"upload-2_69df68a915d91\" aria-describedby=\"forminator-field-upload-2_69df68a915d91-description\"><input type=\"file\" name=\"upload-2\" id=\"forminator-field-upload-2_69df68a915d91\" class=\"forminator-input-file-required do-validate\" accept=\".jpg,.jpeg,.jpe,.gif,.png,.bmp,.tiff,.tif,.webp,.ico,.heic,.asf,.asx,.wmv,.wmx,.wm,.avi,.divx,.flv,.mov,.qt,.mpeg,.mpg,.mpe,.mp4,.m4v,.ogv,.webm,.mkv,.3gp,.3gpp,.3g2,.3gp2,.txt,.asc,.c,.cc,.h,.srt,.csv,.tsv,.ics,.rtx,.vtt,.mp3,.m4a,.m4b,.aac,.ra,.ram,.wav,.ogg,.oga,.flac,.mid,.midi,.wma,.wax,.mka,.rtf,.pdf,.class,.tar,.zip,.gz,.gzip,.7z,.psd,.xcf,.doc,.pot,.pps,.ppt,.wri,.xla,.xls,.xlt,.xlw,.mdb,.mpp,.docx,.docm,.dotx,.dotm,.xlsx,.xlsm,.xlsb,.xltx,.xltm,.xlam,.pptx,.pptm,.ppsx,.ppsm,.potx,.potm,.ppam,.sldx,.sldm,.onetoc,.onetoc2,.onetmp,.onepkg,.oxps,.xps,.odt,.odp,.ods,.odg,.odc,.odb,.odf,.wp,.wpd,.key,.numbers,.pages,.json\" tabindex=\"-1\"><button id=\"forminator-field-upload-2_69df68a915d91_button\" class=\"forminator-button forminator-button-upload\" data-id=\"forminator-field-upload-2_69df68a915d91\">Choose File<\/button><span data-empty-text=\"No file chosen\">No file chosen<\/span><button class=\"forminator-button-delete\" style=\"display: none;\"><i class=\"forminator-icon-close\" aria-hidden=\"true\"><\/i><span class=\"forminator-screen-reader-only\">Delete uploaded file<\/span><\/button><\/div><span id=\"forminator-field-upload-2_69df68a915d91-description\" class=\"forminator-description\">Lettre de motivation<\/span><\/div><\/div><\/div><div class=\"forminator-row\"><div id=\"gdprcheckbox-1\" class=\"forminator-field-gdprcheckbox forminator-col forminator-col-12 \"><div class=\"forminator-field\"><label for=\"forminator-field-gdprcheckbox-1_69df68a915d91\" id=\"forminator-field-gdprcheckbox-1_69df68a915d91-label\" class=\"forminator-label\">RGPD <span class=\"forminator-required\">*<\/span><\/label><label for=\"forminator-field-gdprcheckbox-1_69df68a915d91\" class=\"forminator-checkbox\"><input type=\"checkbox\" name=\"gdprcheckbox-1\" value=\"true\" id=\"forminator-field-gdprcheckbox-1_69df68a915d91\" data-required=\"true\" aria-required=\"true\" \/><span class=\"forminator-checkbox-box\" aria-hidden=\"true\"><\/span><span class=\"forminator-checkbox-label\">Oui, j\u2019accepte la politique de protection des donn\u00e9es<\/span><\/label><\/div><\/div><\/div><input type=\"hidden\" name=\"referer_url\" value=\"\" \/><div class=\"forminator-row forminator-row-last\"><div class=\"forminator-col\"><div class=\"forminator-field\"><button class=\"forminator-button forminator-button-submit\">Envoyer le message<\/button><\/div><\/div><\/div><input type=\"hidden\" id=\"forminator_nonce\" name=\"forminator_nonce\" value=\"e311d377ba\" \/><input type=\"hidden\" name=\"_wp_http_referer\" value=\"\/en\/wp-json\/wp\/v2\/pages\/16251994\" \/><input type=\"hidden\" name=\"form_id\" value=\"16248170\"><input type=\"hidden\" name=\"page_id\" value=\"16251994\"><input type=\"hidden\" name=\"form_type\" value=\"default\"><input type=\"hidden\" name=\"current_url\" value=\"https:\/\/oglisspark.fr\/en\/recruiting\/\"><input type=\"hidden\" name=\"render_id\" value=\"0\"><input type=\"hidden\" name=\"action\" value=\"forminator_submit_form_custom-forms\"><label for=\"input_12\" class=\"forminator-hidden\" aria-hidden=\"true\">Please do not fill in this field. <input id=\"input_12\" type=\"text\" name=\"input_12\" value=\"\" autocomplete=\"off\"><\/label><\/form>\n<p><span style=\"font-weight: 400;\">YOU CAN ALSO APPLY BY MAIL BY SENDING YOUR CV AND MOTIVATION LETTER TO RECRUTEMENT@OGLISSPARK.FR<\/span><\/p>\n<p>&nbsp;<\/p>\n<p><span style=\"font-weight: 400;\">OR BY MAIL BY SENDING YOUR COMPLETE APPLICATION (RESUME AND COVER LETTER) TO: O&#8217;GLISS PARK ROUTE DE LA TRANCHE SUR MER 85560 LE BERNARD<\/span><\/p>\n<p>[\/et_pb_text][\/et_pb_column][\/et_pb_row][\/et_pb_section]<\/p>\n","protected":false},"excerpt":{"rendered":"<p><div class=\"et_pb_module dipi_floating_multi_images dipi_floating_multi_images_0\">\n\t\t\t\t\n\t\t\t\t\n\t\t\t\t\n\t\t\t\t\n\t\t\t\t\n\t\t\t\t\n\t\t\t\t<div class=\"et_pb_module_inner\">\n\t\t\t\t\t<div class=\"dipi-floating-multi-images\"> <div class=\"et_pb_module dipi_floating_multi_images_child dipi_floating_multi_images_child_0\">\n\t\t\t\t\n\t\t\t\t\n\t\t\t\t\n\t\t\t\t\n\t\t\t\t\n\t\t\t\t\n\t\t\t\t<div class=\"et_pb_module_inner\">\n\t\t\t\t\t\n                <div class=\"dipi-fi-img\"><img decoding=\"async\" data-src=\"https:\/\/oglisspark.fr\/wp-content\/uploads\/2023\/01\/4.webp\" alt=\"4\" src=\"data:image\/svg+xml;base64,PHN2ZyB3aWR0aD0iMSIgaGVpZ2h0PSIxIiB4bWxucz0iaHR0cDovL3d3dy53My5vcmcvMjAwMC9zdmciPjwvc3ZnPg==\" class=\"lazyload\" style=\"--smush-placeholder-width: 554px; --smush-placeholder-aspect-ratio: 554\/890;\" \/><\/img><\/div>\n            \n\t\t\t\t<\/div>\n\t\t\t<\/div> <\/div>\n\t\t\t\t<\/div>\n\t\t\t<\/div>O&#8217;Gliss Park<div class=\"et_pb_module dipi_fancy_text dipi_fancy_text_0\">\n\t\t\t\t\n\t\t\t\t\n\t\t\t\t\n\t\t\t\t\n\t\t\t\t\n\t\t\t\t\n\t\t\t\t<div class=\"et_pb_module_inner\">\n\t\t\t\t\t<div class=\"dipi-fancy-text-container\" data-config=\"{&quot;animation_start&quot;:&quot;in_a_viewport&quot;,&quot;animation_start_viewport&quot;:&quot;75%&quot;,&quot;animation_only_once&quot;:&quot;off&quot;,&quot;item_count&quot;:1}\">\n                <h3 class=\"fancy-text\">\n                    <div class=\"fancy-text-prefix\"><\/div><div class=\"fancy-text-wrap\" data-in-animation='bounceIn' data-out-animation='bounceOut' data-speed='10000' data-duration='500'><div class=\"et_pb_module dipi_fancy_text_child dipi_fancy_text_child_0\">Join us<\/div><\/div><div class=\"fancy-text-suffix\"><\/div>\n                <\/h3>\n            <\/div>\n\t\t\t\t<\/div>\n\t\t\t<\/div>O&#8217;Gliss Park is [&hellip;]<\/p>\n","protected":false},"author":2,"featured_media":0,"parent":0,"menu_order":4,"comment_status":"closed","ping_status":"closed","template":"","meta":{"_et_pb_use_builder":"on","_et_pb_old_content":"","_et_gb_content_width":"","footnotes":""},"dipi_cpt_category":[],"class_list":["post-16251994","page","type-page","status-publish","hentry"],"_links":{"self":[{"href":"https:\/\/oglisspark.fr\/en\/wp-json\/wp\/v2\/pages\/16251994","targetHints":{"allow":["GET"]}}],"collection":[{"href":"https:\/\/oglisspark.fr\/en\/wp-json\/wp\/v2\/pages"}],"about":[{"href":"https:\/\/oglisspark.fr\/en\/wp-json\/wp\/v2\/types\/page"}],"author":[{"embeddable":true,"href":"https:\/\/oglisspark.fr\/en\/wp-json\/wp\/v2\/users\/2"}],"replies":[{"embeddable":true,"href":"https:\/\/oglisspark.fr\/en\/wp-json\/wp\/v2\/comments?post=16251994"}],"version-history":[{"count":2,"href":"https:\/\/oglisspark.fr\/en\/wp-json\/wp\/v2\/pages\/16251994\/revisions"}],"predecessor-version":[{"id":16252153,"href":"https:\/\/oglisspark.fr\/en\/wp-json\/wp\/v2\/pages\/16251994\/revisions\/16252153"}],"wp:attachment":[{"href":"https:\/\/oglisspark.fr\/en\/wp-json\/wp\/v2\/media?parent=16251994"}],"wp:term":[{"taxonomy":"dipi_cpt_category","embeddable":true,"href":"https:\/\/oglisspark.fr\/en\/wp-json\/wp\/v2\/dipi_cpt_category?post=16251994"}],"curies":[{"name":"wp","href":"https:\/\/api.w.org\/{rel}","templated":true}]}}