{"id":16251695,"date":"2022-11-13T08:31:55","date_gmt":"2022-11-13T08:31:55","guid":{"rendered":"https:\/\/new.oglisspark.fr\/exercise-your-rights\/"},"modified":"2023-02-18T14:45:07","modified_gmt":"2023-02-18T14:45:07","slug":"exercise-your-rights","status":"publish","type":"page","link":"https:\/\/oglisspark.fr\/en\/exercise-your-rights\/","title":{"rendered":"Exercise your rights"},"content":{"rendered":"<p>[et_pb_section fb_built=&#8221;1&#8243; module_class=&#8221;animationvague&#8221; _builder_version=&#8221;4.19.0&#8243; _module_preset=&#8221;default&#8221; background_enable_color=&#8221;off&#8221; background_image=&#8221;https:\/\/oglisspark.fr\/wp-content\/uploads\/2022\/11\/banniere_2020.jpg&#8221; background_enable_video_mp4=&#8221;off&#8221; background_enable_video_webm=&#8221;off&#8221; background_video_width=&#8221;100%&#8221; background_video_height=&#8221;100%&#8221; z_index=&#8221;-10&#8243; min_height=&#8221;50vh&#8221; min_height_tablet=&#8221;20vh&#8221; min_height_phone=&#8221;20vh&#8221; min_height_last_edited=&#8221;on|tablet&#8221; bottom_divider_style=&#8221;wave2&#8243; bottom_divider_color=&#8221;#FFFFFF&#8221; bottom_divider_flip=&#8221;vertical&#8221; bottom_divider_arrangement=&#8221;above_content&#8221; bottom_divider_height_tablet=&#8221;71px&#8221; bottom_divider_height_phone=&#8221;36px&#8221; bottom_divider_height_last_edited=&#8221;on|desktop&#8221; global_colors_info=&#8221;{}&#8221;][et_pb_row _builder_version=&#8221;4.18.0&#8243; _module_preset=&#8221;default&#8221; z_index=&#8221;-50&#8243; custom_margin=&#8221;-84px||||false|false&#8221; global_colors_info=&#8221;{}&#8221;][et_pb_column type=&#8221;4_4&#8243; _builder_version=&#8221;4.18.0&#8243; _module_preset=&#8221;default&#8221; global_colors_info=&#8221;{}&#8221;][\/et_pb_column][\/et_pb_row][\/et_pb_section][et_pb_section fb_built=&#8221;1&#8243; _builder_version=&#8221;4.18.1&#8243; _module_preset=&#8221;default&#8221; width=&#8221;100%&#8221; max_width=&#8221;100%&#8221; max_width_last_edited=&#8221;off|desktop&#8221; custom_margin=&#8221;|1329px||||&#8221; custom_padding=&#8221;0px||0px||true|&#8221; global_colors_info=&#8221;{}&#8221;][et_pb_row _builder_version=&#8221;4.19.0&#8243; _module_preset=&#8221;default&#8221; transform_scale=&#8221;90%|90%&#8221; transform_translate=&#8221;-59px|29px&#8221; vertical_offset=&#8221;-445px&#8221; horizontal_offset=&#8221;15px&#8221; z_index=&#8221;495&#8243; width=&#8221;100%&#8221; max_width=&#8221;100%&#8221; min_height=&#8221;15px&#8221; custom_margin=&#8221;11px|auto|-91px|auto||&#8221; custom_padding=&#8221;||0px|||&#8221; z_index_tablet=&#8221;1&#8243; z_index_phone=&#8221;0&#8243; z_index_last_edited=&#8221;on|tablet&#8221; global_colors_info=&#8221;{}&#8221;][et_pb_column type=&#8221;4_4&#8243; _builder_version=&#8221;4.19.0&#8243; _module_preset=&#8221;default&#8221; global_colors_info=&#8221;{}&#8221;][dipi_floating_multi_images fmi_height=&#8221;181px&#8221; fmi_height_tablet=&#8221;181px&#8221; fmi_height_phone=&#8221;181px&#8221; fmi_height_last_edited=&#8221;on|phone&#8221; _builder_version=&#8221;4.19.0&#8243; _module_preset=&#8221;default&#8221; background_color=&#8221;RGBA(255,255,255,0)&#8221; z_index=&#8221;-500&#8243; custom_margin=&#8221;-304px||0px||false|false&#8221; global_colors_info=&#8221;{}&#8221;][dipi_floating_multi_images_child img_src=&#8221;https:\/\/oglisspark.fr\/wp-content\/uploads\/2022\/11\/ofunpark.png&#8221; horizontal_position=&#8221;-1%&#8221; fmi_effect=&#8221;leftright&#8221; fmi_delay=&#8221;-15500ms&#8221; fmi_speed=&#8221;2450ms&#8221; horizontal_position_tablet=&#8221;-1%&#8221; horizontal_position_phone=&#8221;-1%&#8221; horizontal_position_last_edited=&#8221;on|desktop&#8221; _builder_version=&#8221;4.19.0&#8243; _module_preset=&#8221;default&#8221; transform_translate=&#8221;-65px|0px&#8221; width_tablet=&#8221;&#8221; width_phone=&#8221;64%&#8221; width_last_edited=&#8221;on|phone&#8221; custom_margin=&#8221;0px||||false|false&#8221; custom_padding=&#8221;0px||||false|false&#8221; global_colors_info=&#8221;{}&#8221;][\/dipi_floating_multi_images_child][\/dipi_floating_multi_images][\/et_pb_column][\/et_pb_row][\/et_pb_section][et_pb_section fb_built=&#8221;1&#8243; _builder_version=&#8221;4.18.0&#8243; _module_preset=&#8221;default&#8221; min_height=&#8221;1043.2px&#8221; custom_margin=&#8221;55px|||||&#8221; custom_padding=&#8221;0px|||||&#8221; global_colors_info=&#8221;{}&#8221;][et_pb_row _builder_version=&#8221;4.18.1&#8243; _module_preset=&#8221;default&#8221; width=&#8221;90%&#8221; max_width=&#8221;100%&#8221; min_height=&#8221;146.8px&#8221; custom_padding=&#8221;0px||0px||true|&#8221; global_colors_info=&#8221;{}&#8221;][et_pb_column type=&#8221;4_4&#8243; _builder_version=&#8221;4.18.0&#8243; _module_preset=&#8221;default&#8221; global_colors_info=&#8221;{}&#8221;][et_pb_text _builder_version=&#8221;4.18.1&#8243; _module_preset=&#8221;default&#8221; custom_margin=&#8221;0px||0px||false|false&#8221; global_colors_info=&#8221;{}&#8221;]<\/p>\n<h2 style=\"text-align: center;\">O&#8217;Fun Park<\/h2>\n<p>[\/et_pb_text][dipi_fancy_text speed=&#8221;10000&#8243; _builder_version=&#8221;4.19.3&#8243; _module_preset=&#8221;default&#8221; all_text_align=&#8221;center&#8221; hover_enabled=&#8221;0&#8243; global_colors_info=&#8221;{}&#8221; sticky_enabled=&#8221;0&#8243;][dipi_fancy_text_child text=&#8221;Exercise your rights&#8221; _builder_version=&#8221;4.19.3&#8243; _module_preset=&#8221;default&#8221; font_font=&#8221;Wendy One||||||||&#8221; font_text_color=&#8221;#FFFFFF&#8221; font_font_size=&#8221;35px&#8221; font_line_height=&#8221;1.2em&#8221; background_color=&#8221;#1498d6&#8243; background_enable_color=&#8221;on&#8221; custom_margin=&#8221;||||false|false&#8221; custom_padding=&#8221;|20px||20px|false|false&#8221; hover_enabled=&#8221;0&#8243; custom_css_main_element=&#8221;border-radius:20px&#8221; global_colors_info=&#8221;{}&#8221; sticky_enabled=&#8221;0&#8243;][\/dipi_fancy_text_child][\/dipi_fancy_text][et_pb_text _builder_version=&#8221;4.19.3&#8243; _module_preset=&#8221;default&#8221; text_font=&#8221;||||||||&#8221; text_text_color=&#8221;#000000&#8243; text_letter_spacing=&#8221;2px&#8221; custom_margin=&#8221;-11px||30px||false|false&#8221; custom_padding=&#8221;|10%||10%|false|false&#8221; global_colors_info=&#8221;{}&#8221;]<\/p>\n<p style=\"text-align: center;\">The <a class=\"LinkOut\" href=\"https:\/\/www.cnil.fr\/fr\/reglement-europeen-protection-donnees\" target=\"_blank\" rel=\"noopener\">General Data Protection Regulation of April 27, 2016<\/a>, provides that every European citizen has the right to access, rectify and delete their personal data collected on a company&#8217;s website.<\/p>\n<p style=\"text-align: center;\">To exercise your right to portability (ability to retrieve data upon request), please fill out the form below.<br \/>The request to obtain personal data collected by <strong>O&#8217;Fun<\/strong> Park is subject to identity validation.<\/p>\n<p>[\/et_pb_text][\/et_pb_column][\/et_pb_row][et_pb_row _builder_version=&#8221;4.18.0&#8243; _module_preset=&#8221;default&#8221; global_colors_info=&#8221;{}&#8221;][et_pb_column type=&#8221;4_4&#8243; _builder_version=&#8221;4.18.0&#8243; _module_preset=&#8221;default&#8221; global_colors_info=&#8221;{}&#8221;][et_pb_text _builder_version=&#8221;4.19.0&#8243; _module_preset=&#8221;default&#8221; text_font=&#8221;|||on|||||&#8221; text_text_color=&#8221;#E84826&#8243; text_letter_spacing=&#8221;2px&#8221; custom_margin=&#8221;-27px||0px||false|false&#8221; global_colors_info=&#8221;{}&#8221;]<\/p>\n<div class=\"forminator-ui forminator-custom-form forminator-custom-form-16248124 forminator-design--flat forminator-enclosed forminator_ajax\" data-forminator-render=\"0\" data-form=\"forminator-module-16248124\" data-uid=\"69de38db7c03a\"><br\/><\/div><form\n\t\t\t\tid=\"forminator-module-16248124\"\n\t\t\t\tclass=\"forminator-ui forminator-custom-form forminator-custom-form-16248124 forminator-design--flat forminator-enclosed forminator_ajax\"\n\t\t\t\tmethod=\"post\"\n\t\t\t\tdata-forminator-render=\"0\"\n\t\t\t\tdata-form-id=\"16248124\"\n\t\t\t\tenctype=\"multipart\/form-data\" data-color-option=\"default\" data-design=\"flat\" data-grid=\"enclosed\" style=\"display: none;\"\n\t\t\t\tdata-uid=\"69de38db7c03a\"\n\t\t\t><div role=\"alert\" aria-live=\"polite\" class=\"forminator-response-message forminator-error\" aria-hidden=\"true\"><\/div><div class=\"forminator-row\"><div id=\"name-1\" class=\"forminator-field-name forminator-col forminator-col-6 \"><div class=\"forminator-field\"><label for=\"forminator-field-name-1_69de38db7c03a\" id=\"forminator-field-name-1_69de38db7c03a-label\" class=\"forminator-label\">Nom <span class=\"forminator-required\">*<\/span><\/label><input type=\"text\" name=\"name-1\" value=\"\" placeholder=\"Nom\" id=\"forminator-field-name-1_69de38db7c03a\" class=\"forminator-input forminator-name--field\" aria-required=\"true\" autocomplete=\"name\" \/><\/div><\/div><div id=\"phone-1\" class=\"forminator-field-phone forminator-col forminator-col-6 \"><div class=\"forminator-field\"><input type=\"text\" name=\"phone-1\" value=\"\" placeholder=\"Num\u00e9ro de t\u00e9l\u00e9phone\" id=\"forminator-field-phone-1_69de38db7c03a\" class=\"forminator-input forminator-field--phone\" data-required=\"1\" aria-required=\"true\" autocomplete=\"off\" \/><\/div><\/div><\/div><div class=\"forminator-row\"><div id=\"email-1\" class=\"forminator-field-email forminator-col forminator-col-6 \"><div class=\"forminator-field\"><label for=\"forminator-field-email-1_69de38db7c03a\" id=\"forminator-field-email-1_69de38db7c03a-label\" class=\"forminator-label\">Adresse email <span class=\"forminator-required\">*<\/span><\/label><input type=\"email\" name=\"email-1\" value=\"\" placeholder=\"Adresse email\" id=\"forminator-field-email-1_69de38db7c03a\" class=\"forminator-input forminator-email--field\" data-required=\"true\" aria-required=\"true\" autocomplete=\"email\" \/><\/div><\/div><div id=\"text-1\" class=\"forminator-field-text forminator-col forminator-col-6 \"><div class=\"forminator-field\"><label for=\"forminator-field-text-1_69de38db7c03a\" id=\"forminator-field-text-1_69de38db7c03a-label\" class=\"forminator-label\">Soci\u00e9t\u00e9<\/label><input type=\"text\" name=\"text-1\" value=\"\" placeholder=\"Soci\u00e9t\u00e9\" id=\"forminator-field-text-1_69de38db7c03a\" class=\"forminator-input forminator-name--field\" data-required=\"\" \/><\/div><\/div><\/div><div class=\"forminator-row\"><div id=\"textarea-1\" class=\"forminator-field-textarea forminator-col forminator-col-12 \"><div class=\"forminator-field\"><label for=\"forminator-field-textarea-1_69de38db7c03a\" id=\"forminator-field-textarea-1_69de38db7c03a-label\" class=\"forminator-label\">Message<\/label><textarea name=\"textarea-1\" placeholder=\"Saisissez votre message\u2026\" id=\"forminator-field-textarea-1_69de38db7c03a\" class=\"forminator-textarea\" rows=\"6\" style=\"min-height:140px;\" maxlength=\"180\" ><\/textarea><span id=\"forminator-field-textarea-1_69de38db7c03a-description\" class=\"forminator-description\"><span data-limit=\"180\" data-type=\"characters\" data-editor=\"\">0 \/ 180<\/span><\/span><\/div><\/div><\/div><div class=\"forminator-row\"><div id=\"upload-1\" class=\"forminator-field-upload forminator-col forminator-col-12 \"><div class=\"forminator-field\"><label for=\"forminator-field-upload-1_69de38db7c03a\" id=\"forminator-field-upload-1_69de38db7c03a-label\" class=\"forminator-label\">Carte d&#039;identit\u00e9 <span class=\"forminator-required\">*<\/span><\/label><div class=\"forminator-file-upload \" data-element=\"upload-1_69de38db7c03a\" aria-describedby=\"forminator-field-upload-1_69de38db7c03a-description\"><input type=\"file\" name=\"upload-1\" id=\"forminator-field-upload-1_69de38db7c03a\" class=\"forminator-input-file-required do-validate\" accept=\".jpg,.jpeg,.jpe,.gif,.png,.bmp,.tiff,.tif,.webp,.ico,.heic,.asf,.asx,.wmv,.wmx,.wm,.avi,.divx,.flv,.mov,.qt,.mpeg,.mpg,.mpe,.mp4,.m4v,.ogv,.webm,.mkv,.3gp,.3gpp,.3g2,.3gp2,.txt,.asc,.c,.cc,.h,.srt,.csv,.tsv,.ics,.rtx,.vtt,.mp3,.m4a,.m4b,.aac,.ra,.ram,.wav,.ogg,.oga,.flac,.mid,.midi,.wma,.wax,.mka,.rtf,.pdf,.class,.tar,.zip,.gz,.gzip,.7z,.psd,.xcf,.doc,.pot,.pps,.ppt,.wri,.xla,.xls,.xlt,.xlw,.mdb,.mpp,.docx,.docm,.dotx,.dotm,.xlsx,.xlsm,.xlsb,.xltx,.xltm,.xlam,.pptx,.pptm,.ppsx,.ppsm,.potx,.potm,.ppam,.sldx,.sldm,.onetoc,.onetoc2,.onetmp,.onepkg,.oxps,.xps,.odt,.odp,.ods,.odg,.odc,.odb,.odf,.wp,.wpd,.key,.numbers,.pages,.json\" tabindex=\"-1\"><button id=\"forminator-field-upload-1_69de38db7c03a_button\" class=\"forminator-button forminator-button-upload\" data-id=\"forminator-field-upload-1_69de38db7c03a\">Choose File<\/button><span data-empty-text=\"No file chosen\">No file chosen<\/span><button class=\"forminator-button-delete\" style=\"display: none;\"><i class=\"forminator-icon-close\" aria-hidden=\"true\"><\/i><span class=\"forminator-screen-reader-only\">Delete uploaded file<\/span><\/button><\/div><span id=\"forminator-field-upload-1_69de38db7c03a-description\" class=\"forminator-description\">Carte d'identit\u00e9<\/span><\/div><\/div><\/div><div class=\"forminator-row\"><div id=\"gdprcheckbox-1\" class=\"forminator-field-gdprcheckbox forminator-col forminator-col-12 \"><div class=\"forminator-field\"><label for=\"forminator-field-gdprcheckbox-1_69de38db7c03a\" id=\"forminator-field-gdprcheckbox-1_69de38db7c03a-label\" class=\"forminator-label\">RGPD <span class=\"forminator-required\">*<\/span><\/label><label for=\"forminator-field-gdprcheckbox-1_69de38db7c03a\" class=\"forminator-checkbox\"><input type=\"checkbox\" name=\"gdprcheckbox-1\" value=\"true\" id=\"forminator-field-gdprcheckbox-1_69de38db7c03a\" data-required=\"true\" aria-required=\"true\" \/><span class=\"forminator-checkbox-box\" aria-hidden=\"true\"><\/span><span class=\"forminator-checkbox-label\">Oui, j\u2019accepte la politique de protection des donn\u00e9es<\/span><\/label><\/div><\/div><\/div><div class=\"forminator-row\"><div id=\"captcha-1\" class=\"forminator-field-captcha forminator-col forminator-col-12 \"><div class=\"forminator-captcha-left forminator-hcaptcha\" data-theme=\"light\"  data-sitekey=\"9010947d-be18-4455-b534-4486545a09f3\" data-size=\"normal\"><\/div> <\/div><\/div><input type=\"hidden\" name=\"referer_url\" value=\"\" \/><div class=\"forminator-row forminator-row-last\"><div class=\"forminator-col\"><div class=\"forminator-field\"><button class=\"forminator-button forminator-button-submit\">Envoyer le message<\/button><\/div><\/div><\/div><input type=\"hidden\" id=\"forminator_nonce\" name=\"forminator_nonce\" value=\"4ce60cd3d9\" \/><input type=\"hidden\" name=\"_wp_http_referer\" value=\"\/en\/wp-json\/wp\/v2\/pages\/16251695\" \/><input type=\"hidden\" name=\"form_id\" value=\"16248124\"><input type=\"hidden\" name=\"page_id\" value=\"16251695\"><input type=\"hidden\" name=\"form_type\" value=\"default\"><input type=\"hidden\" name=\"current_url\" value=\"https:\/\/oglisspark.fr\/en\/exercise-your-rights\/\"><input type=\"hidden\" name=\"render_id\" value=\"0\"><input type=\"hidden\" name=\"action\" value=\"forminator_submit_form_custom-forms\"><label for=\"input_8\" class=\"forminator-hidden\" aria-hidden=\"true\">Please do not fill in this field. <input id=\"input_8\" type=\"text\" name=\"input_8\" value=\"\" autocomplete=\"off\"><\/label><\/form>\n<p>[\/et_pb_text][\/et_pb_column][\/et_pb_row][\/et_pb_section]<\/p>\n","protected":false},"excerpt":{"rendered":"<p><div class=\"et_pb_module dipi_floating_multi_images dipi_floating_multi_images_0\">\n\t\t\t\t\n\t\t\t\t\n\t\t\t\t\n\t\t\t\t\n\t\t\t\t\n\t\t\t\t\n\t\t\t\t<div class=\"et_pb_module_inner\">\n\t\t\t\t\t<div class=\"dipi-floating-multi-images\"> <div class=\"et_pb_module dipi_floating_multi_images_child dipi_floating_multi_images_child_0\">\n\t\t\t\t\n\t\t\t\t\n\t\t\t\t\n\t\t\t\t\n\t\t\t\t\n\t\t\t\t\n\t\t\t\t<div class=\"et_pb_module_inner\">\n\t\t\t\t\t\n                <div class=\"dipi-fi-img\"><img decoding=\"async\" data-src=\"https:\/\/oglisspark.fr\/wp-content\/uploads\/2022\/11\/ofunpark.png\" alt=\"\" src=\"data:image\/svg+xml;base64,PHN2ZyB3aWR0aD0iMSIgaGVpZ2h0PSIxIiB4bWxucz0iaHR0cDovL3d3dy53My5vcmcvMjAwMC9zdmciPjwvc3ZnPg==\" class=\"lazyload\" style=\"--smush-placeholder-width: 412px; --smush-placeholder-aspect-ratio: 412\/1112;\" \/><\/img><\/div>\n            \n\t\t\t\t<\/div>\n\t\t\t<\/div> <\/div>\n\t\t\t\t<\/div>\n\t\t\t<\/div>O&#8217;Fun Park<div class=\"et_pb_module dipi_fancy_text dipi_fancy_text_0\">\n\t\t\t\t\n\t\t\t\t\n\t\t\t\t\n\t\t\t\t\n\t\t\t\t\n\t\t\t\t\n\t\t\t\t<div class=\"et_pb_module_inner\">\n\t\t\t\t\t<div class=\"dipi-fancy-text-container\" data-config=\"{&quot;animation_start&quot;:&quot;in_a_viewport&quot;,&quot;animation_start_viewport&quot;:&quot;75%&quot;,&quot;animation_only_once&quot;:&quot;off&quot;,&quot;item_count&quot;:1}\">\n                <h3 class=\"fancy-text\">\n                    <div class=\"fancy-text-prefix\"><\/div><div class=\"fancy-text-wrap\" data-in-animation='bounceIn' data-out-animation='bounceOut' data-speed='10000' data-duration='500'><div class=\"et_pb_module dipi_fancy_text_child dipi_fancy_text_child_0\">Exercise your rights<\/div><\/div><div class=\"fancy-text-suffix\"><\/div>\n                <\/h3>\n            <\/div>\n\t\t\t\t<\/div>\n\t\t\t<\/div>The General [&hellip;]<\/p>\n","protected":false},"author":2,"featured_media":0,"parent":0,"menu_order":11,"comment_status":"closed","ping_status":"closed","template":"","meta":{"_et_pb_use_builder":"on","_et_pb_old_content":"","_et_gb_content_width":"","footnotes":""},"dipi_cpt_category":[],"class_list":["post-16251695","page","type-page","status-publish","hentry"],"_links":{"self":[{"href":"https:\/\/oglisspark.fr\/en\/wp-json\/wp\/v2\/pages\/16251695","targetHints":{"allow":["GET"]}}],"collection":[{"href":"https:\/\/oglisspark.fr\/en\/wp-json\/wp\/v2\/pages"}],"about":[{"href":"https:\/\/oglisspark.fr\/en\/wp-json\/wp\/v2\/types\/page"}],"author":[{"embeddable":true,"href":"https:\/\/oglisspark.fr\/en\/wp-json\/wp\/v2\/users\/2"}],"replies":[{"embeddable":true,"href":"https:\/\/oglisspark.fr\/en\/wp-json\/wp\/v2\/comments?post=16251695"}],"version-history":[{"count":7,"href":"https:\/\/oglisspark.fr\/en\/wp-json\/wp\/v2\/pages\/16251695\/revisions"}],"predecessor-version":[{"id":16252154,"href":"https:\/\/oglisspark.fr\/en\/wp-json\/wp\/v2\/pages\/16251695\/revisions\/16252154"}],"wp:attachment":[{"href":"https:\/\/oglisspark.fr\/en\/wp-json\/wp\/v2\/media?parent=16251695"}],"wp:term":[{"taxonomy":"dipi_cpt_category","embeddable":true,"href":"https:\/\/oglisspark.fr\/en\/wp-json\/wp\/v2\/dipi_cpt_category?post=16251695"}],"curies":[{"name":"wp","href":"https:\/\/api.w.org\/{rel}","templated":true}]}}